{"id":3430,"date":"2023-07-26T15:54:18","date_gmt":"2023-07-26T15:54:18","guid":{"rendered":"https:\/\/kasalovic-dent.hr\/bite\/"},"modified":"2025-09-26T11:19:14","modified_gmt":"2025-09-26T11:19:14","slug":"bite","status":"publish","type":"page","link":"https:\/\/kasalovic-dent.hr\/it\/bite\/","title":{"rendered":"Bite antibruxismo"},"content":{"rendered":"[et_pb_section fb_built=&#8221;1&#8243; admin_label=&#8221;Header&#8221; _builder_version=&#8221;4.22.1&#8243; _module_preset=&#8221;c50a7f89-fb82-4842-9e3f-a3b3af8ef82b&#8221; height_tablet=&#8221;auto&#8221; bottom_divider_color=&#8221;gcid-63426afa-b94d-441e-8711-a2b4d463ba6d&#8221; global_colors_info=&#8221;{%22gcid-63426afa-b94d-441e-8711-a2b4d463ba6d%22:%91%22bottom_divider_color%22%93}&#8221; collapsed=&#8221;on&#8221;][et_pb_row make_equal=&#8221;on&#8221; admin_label=&#8221;Title&#8221; _builder_version=&#8221;4.22.1&#8243; _module_preset=&#8221;543cc20e-171f-4350-9be5-befd74bbf99a&#8221; background_size=&#8221;initial&#8221; background_position=&#8221;top_left&#8221; background_repeat=&#8221;repeat&#8221; custom_margin_tablet=&#8221;||0px||false|false&#8221; custom_margin_phone=&#8221;||0px||false|false&#8221; global_colors_info=&#8221;{}&#8221;][et_pb_column type=&#8221;4_4&#8243; admin_label=&#8221;Column&#8221; _builder_version=&#8221;4.21.0&#8243; custom_padding=&#8221;|||&#8221; global_colors_info=&#8221;{}&#8221; custom_padding__hover=&#8221;|||&#8221;][et_pb_text admin_label=&#8221;Text&#8221; _builder_version=&#8221;4.21.0&#8243; header_font=&#8221;Questa Grande||||||||&#8221; header_text_align=&#8221;center&#8221; header_text_color=&#8221;#000000&#8243; background_size=&#8221;initial&#8221; background_position=&#8221;top_left&#8221; background_repeat=&#8221;repeat&#8221; header_font_size_tablet=&#8221;&#8221; header_font_size_phone=&#8221;3em&#8221; header_font_size_last_edited=&#8221;on|phone&#8221; global_colors_info=&#8221;{}&#8221;]<h1>Bite<\/h1>\r\n<p><\/p>[\/et_pb_text][\/et_pb_column][\/et_pb_row][\/et_pb_section][et_pb_section fb_built=&#8221;1&#8243; admin_label=&#8221;Usluge&#8221; _builder_version=&#8221;4.21.0&#8243; _module_preset=&#8221;26b9459b-e5d2-474f-8570-23c76306b235&#8243; global_colors_info=&#8221;{}&#8221; collapsed=&#8221;on&#8221;][et_pb_row _builder_version=&#8221;4.21.0&#8243; _module_preset=&#8221;default&#8221; global_colors_info=&#8221;{}&#8221;][et_pb_column type=&#8221;4_4&#8243; _builder_version=&#8221;4.21.0&#8243; _module_preset=&#8221;default&#8221; global_colors_info=&#8221;{}&#8221;][et_pb_image src=&#8221;https:\/\/kasalovic-dent.hr\/wp-content\/uploads\/\/udlage-ikona-kasalovic-dent.svg&#8221; title_text=&#8221;Bite icone &#8211; Kasalovi\u0107 Studio Dentistico&#8221; align=&#8221;center&#8221; _builder_version=&#8221;4.22.1&#8243; _module_preset=&#8221;default&#8221; width=&#8221;10%&#8221; width_tablet=&#8221;30%&#8221; width_phone=&#8221;33%&#8221; width_last_edited=&#8221;on|phone&#8221; module_alignment=&#8221;center&#8221; global_colors_info=&#8221;{}&#8221;][\/et_pb_image][et_pb_text _builder_version=&#8221;4.21.0&#8243; _module_preset=&#8221;9d611626-2f76-43c4-9e01-e4d7c83e2afa&#8221; global_colors_info=&#8221;{%22gcid-63426afa-b94d-441e-8711-a2b4d463ba6d%22:%91%22header_6_text_color%22%93}&#8221;]<h6>IL PROBLEMA DEL DIGRIGNAMENTO DEI DENTI<\/h6>[\/et_pb_text][et_pb_text _builder_version=&#8221;4.21.0&#8243; _module_preset=&#8221;8fea2ad3-1a9b-4079-ba85-a4004fba4efa&#8221; global_colors_info=&#8221;{}&#8221;]<p>Il digrignamento dei denti, fenomeno conosciuto anche come bruxismo, contribuisce notevolmente all&#8217;alterazione dell&#8217;occlusione, che si manifesta anche nell&#8217;apparenza del terzo inferiore della faccia.<\/p>[\/et_pb_text][\/et_pb_column][\/et_pb_row][\/et_pb_section][et_pb_section fb_built=&#8221;1&#8243; admin_label=&#8221;Usluge&#8221; _builder_version=&#8221;4.21.0&#8243; _module_preset=&#8221;6d166217-171c-4bf8-92de-449a3ca7b907&#8243; global_colors_info=&#8221;{}&#8221; collapsed=&#8221;on&#8221;][et_pb_row custom_padding_last_edited=&#8221;on|phone&#8221; _builder_version=&#8221;4.22.1&#8243; _module_preset=&#8221;default&#8221; custom_padding=&#8221;|150px||150px|false|true&#8221; custom_padding_tablet=&#8221;|0px||0px|false|true&#8221; custom_padding_phone=&#8221;|0px||0px|false|true&#8221; global_colors_info=&#8221;{}&#8221;][et_pb_column type=&#8221;4_4&#8243; _builder_version=&#8221;4.21.0&#8243; _module_preset=&#8221;default&#8221; global_colors_info=&#8221;{}&#8221;][et_pb_text _builder_version=&#8221;4.21.0&#8243; _module_preset=&#8221;da2270b8-5b32-4f02-81ea-9b779ee75dad&#8221; text_line_height=&#8221;1.8em&#8221; background_enable_color=&#8221;off&#8221; global_colors_info=&#8221;{%22gcid-fcb6e445-e0cb-414e-8d29-e9d6169e6e5e%22:%91%22background_color%22%93}&#8221;]<p>Oggi numerose persone soffrono a causa di movimenti parafunzionali notturni (digrignamento dei denti). Come conseguenza si manifestano numerosi problemi del sistema stomato-gnatico. Il paziente inizia a sentire dolore nelle articolazioni (temporo-mandibolari), nei muscoli masticatori e possono inoltre manifestarsi cefalee.<br \/>\u00a0<br \/>Il bruxismo o digrignamento dei denti porta all\u2019alterazione della forma dei denti, essi diventano pi\u00f9 corti e possono presentarsi anche difetti cervicali (colletti dei denti scoperti).<br \/>\u00a0<br \/>L\u2019usura dei denti influisce gradualmente sul morso che diventa profondo e si nota anche dall\u2019aspetto della parte inferiore del viso.<br \/>\u00a0<br \/>Si parla di \u201cbruxismo notturno\u201d, spesso collegato allo stress giornaliero che il nostro organismo affronta in questo modo.<br \/>\u00a0<br \/>Su movimenti come il digrignamento non possiamo influire, ma possiamo proteggere i nostri denti dall\u2019ulteriore usura.<br \/>\u00a0<br \/>Ci\u00f2 \u00e8 fattibile grazie ai bite per uso notturno. I bite sono fatti di pellicola plastica trasparente. Il processo di creazione inizia nello studio dentistico dove si prende l\u2019impronta dentale. In base all\u2019impronta, nel laboratorio si crea il modello e ci si applica la pellicola plastica.<\/p>\r\n<p>Si consiglia l\u2019uso del bite ogni notte. Il bite \u00e8 confortevole e non pu\u00f2 provocare nessun disturbo poich\u00e9 copre soltanto i denti e previene il contatto diretto nei movimenti parafunzionali, e con ci\u00f2 l\u2019usura dei denti.<\/p>\r\n<p>I bite sono il presidio ideale che serve anche per mantenere la posizione dei denti dopo la terapia ortodontica (retainer). Sono consigliati anche dopo la realizzazione di restauri (faccette, corone, ponti) dai pazienti con movimenti parafunzionali, per evitare rotture di ceramica indesiderate e l\u2019usura di denti naturali residui, come pure dai pazienti che soffrono di malattie parodontali, per prevenire lo spostamento indesiderato dei denti.<\/p>\r\n<p><strong>Bite sportivi<\/strong><br \/>\u00a0<br \/>Sono frequenti i traumi lievi o gravi degli sportivi nei quali vengono danneggiati i denti.<br \/>\u00a0<br \/>Per prevenire ci\u00f2, i denti vanno protetti con una pellicola morbida speciale che potete usare durante le vostre attivit\u00e0 sportive. I bite sono utilizzati in numerosi tipi di sport, ma soprattutto nel pugilato, ciclismo, calcio, pallamano, arti marziali, pattinaggio, ecc.<br \/>\u00a0<br \/>I bite sono disponibili in diversi colori, a seconda dei vostri desideri, se desiderate essere all\u2019ultima moda.<\/p>[\/et_pb_text][\/et_pb_column][\/et_pb_row][\/et_pb_section][et_pb_section fb_built=&#8221;1&#8243; _builder_version=&#8221;4.21.0&#8243; _module_preset=&#8221;default&#8221; global_colors_info=&#8221;{}&#8221; collapsed=&#8221;on&#8221;][et_pb_row _builder_version=&#8221;4.21.0&#8243; _module_preset=&#8221;default&#8221; global_colors_info=&#8221;{}&#8221;][et_pb_column type=&#8221;4_4&#8243; _builder_version=&#8221;4.21.0&#8243; _module_preset=&#8221;default&#8221; global_colors_info=&#8221;{}&#8221;][et_pb_text _builder_version=&#8221;4.21.0&#8243; _module_preset=&#8221;9d611626-2f76-43c4-9e01-e4d7c83e2afa&#8221; locked=&#8221;off&#8221; global_colors_info=&#8221;{}&#8221;]<h6>I nostri lavori<\/h6>[\/et_pb_text][\/et_pb_column][\/et_pb_row][et_pb_row column_structure=&#8221;1_3,1_3,1_3&#8243; _builder_version=&#8221;4.22.1&#8243; _module_preset=&#8221;543cc20e-171f-4350-9be5-befd74bbf99a&#8221; custom_margin_tablet=&#8221;||0px||false|false&#8221; custom_margin_phone=&#8221;||0px||false|false&#8221; global_colors_info=&#8221;{}&#8221;][et_pb_column type=&#8221;1_3&#8243; _builder_version=&#8221;4.21.0&#8243; _module_preset=&#8221;default&#8221; global_colors_info=&#8221;{}&#8221;][dsm_before_after_image before_src=&#8221;https:\/\/kasalovic-dent.hr\/wp-content\/uploads\/2023\/07\/S-27A.webp&#8221; before_alt=&#8221;Primo&#8221; after_src=&#8221;https:\/\/kasalovic-dent.hr\/wp-content\/uploads\/2023\/07\/S-27B.webp&#8221; before_label_text=&#8221;Primo&#8221; after_label_text=&#8221;Dopo&#8221; _builder_version=&#8221;4.21.0&#8243; _module_preset=&#8221;default&#8221; global_colors_info=&#8221;{}&#8221;][\/dsm_before_after_image][\/et_pb_column][et_pb_column type=&#8221;1_3&#8243; _builder_version=&#8221;4.21.0&#8243; _module_preset=&#8221;default&#8221; global_colors_info=&#8221;{}&#8221;][dsm_before_after_image before_src=&#8221;https:\/\/kasalovic-dent.hr\/wp-content\/uploads\/2023\/07\/S-28A.webp&#8221; before_title_text=&#8221;Primo&#8221; after_src=&#8221;https:\/\/kasalovic-dent.hr\/wp-content\/uploads\/2023\/07\/S-28B.webp&#8221; after_title_text=&#8221;Dopo&#8221; before_label_text=&#8221;Primo&#8221; after_label_text=&#8221;Dopo&#8221; _builder_version=&#8221;4.21.0&#8243; _module_preset=&#8221;default&#8221; global_colors_info=&#8221;{}&#8221;][\/dsm_before_after_image][\/et_pb_column][et_pb_column type=&#8221;1_3&#8243; _builder_version=&#8221;4.21.0&#8243; _module_preset=&#8221;default&#8221; global_colors_info=&#8221;{}&#8221;][dsm_before_after_image before_src=&#8221;https:\/\/kasalovic-dent.hr\/wp-content\/uploads\/2023\/07\/S-29A.webp&#8221; before_title_text=&#8221;Primo&#8221; after_src=&#8221;https:\/\/kasalovic-dent.hr\/wp-content\/uploads\/2023\/07\/S-29B.webp&#8221; after_title_text=&#8221;Dopo&#8221; before_label_text=&#8221;Primo&#8221; after_label_text=&#8221;Dopo&#8221; _builder_version=&#8221;4.21.0&#8243; _module_preset=&#8221;default&#8221; global_colors_info=&#8221;{}&#8221;][\/dsm_before_after_image][\/et_pb_column][\/et_pb_row][et_pb_row _builder_version=&#8221;4.21.0&#8243; _module_preset=&#8221;default&#8221; global_colors_info=&#8221;{}&#8221;][et_pb_column type=&#8221;4_4&#8243; _builder_version=&#8221;4.21.0&#8243; _module_preset=&#8221;default&#8221; global_colors_info=&#8221;{}&#8221;][et_pb_button button_url=&#8221;@ET-DC@eyJkeW5hbWljIjp0cnVlLCJjb250ZW50IjoicG9zdF9saW5rX3VybF9wYWdlIiwic2V0dGluZ3MiOnsicG9zdF9pZCI6IjM3MSIsImVuYWJsZV9odG1sIjoib2ZmIn19@&#8221; button_text=&#8221;Scoprite i nostri lavori&#8221; button_alignment=&#8221;center&#8221; _builder_version=&#8221;4.21.0&#8243; _dynamic_attributes=&#8221;button_url&#8221; _module_preset=&#8221;default&#8221; custom_button=&#8221;on&#8221; button_text_size=&#8221;14px&#8221; button_border_width=&#8221;1px&#8221; button_letter_spacing=&#8221;3px&#8221; button_font=&#8221;|||on|||||&#8221; global_colors_info=&#8221;{}&#8221;][\/et_pb_button][\/et_pb_column][\/et_pb_row][\/et_pb_section][et_pb_section fb_built=&#8221;1&#8243; _builder_version=&#8221;4.21.0&#8243; _module_preset=&#8221;a7c40100-3974-4843-ae48-b9b80b64185d&#8221; custom_padding=&#8221;||150px||false|false&#8221; bottom_divider_style=&#8221;triangle&#8221; bottom_divider_color=&#8221;#FFFFFF&#8221; bottom_divider_flip=&#8221;vertical&#8221; bottom_divider_height_tablet=&#8221;&#8221; bottom_divider_height_phone=&#8221;75px&#8221; bottom_divider_height_last_edited=&#8221;on|phone&#8221; border_width_bottom=&#8221;0px&#8221; border_color_bottom=&#8221;RGBA(255,255,255,0)&#8221; border_style_bottom=&#8221;none&#8221; border_style_all_tablet=&#8221;&#8221; border_style_all_phone=&#8221;none&#8221; border_style_all_last_edited=&#8221;on|phone&#8221; global_colors_info=&#8221;{%22gcid-63426afa-b94d-441e-8711-a2b4d463ba6d%22:%91%22bottom_divider_color%22%93}&#8221; collapsed=&#8221;on&#8221;][et_pb_row _builder_version=&#8221;4.21.0&#8243; _module_preset=&#8221;default&#8221; global_colors_info=&#8221;{}&#8221;][et_pb_column type=&#8221;4_4&#8243; _builder_version=&#8221;4.21.0&#8243; _module_preset=&#8221;default&#8221; global_colors_info=&#8221;{}&#8221;][et_pb_text _builder_version=&#8221;4.21.0&#8243; _module_preset=&#8221;9d611626-2f76-43c4-9e01-e4d7c83e2afa&#8221; global_colors_info=&#8221;{}&#8221;]<h6>RIVOLGITI A NOI<\/h6>[\/et_pb_text][et_pb_text _builder_version=&#8221;4.21.0&#8243; _module_preset=&#8221;8fea2ad3-1a9b-4079-ba85-a4004fba4efa&#8221; global_colors_info=&#8221;{}&#8221;]<p>La fiducia che ci regali \u00e8 estremamente importante per noi,<\/p>[\/et_pb_text][et_pb_text content_tablet=&#8221;<p> pertanto rilassati e noi ti spiegheremo dettagliatamente ogni passo da fare. <\/p>&#8221; content_phone=&#8221;<p> pertanto rilassati e noi ti spiegheremo dettagliatamente ogni passo da fare. <\/p>&#8221; content_last_edited=&#8221;on|phone&#8221; _builder_version=&#8221;4.21.0&#8243; _module_preset=&#8221;default&#8221; text_letter_spacing=&#8221;0.5px&#8221; text_line_height=&#8221;1.8em&#8221; text_orientation=&#8221;center&#8221; global_colors_info=&#8221;{}&#8221;]<p> pertanto rilassati e noi ti spiegheremo dettagliatamente ogni passo da fare. <\/p>[\/et_pb_text][\/et_pb_column][\/et_pb_row][\/et_pb_section][et_pb_section fb_built=&#8221;1&#8243; admin_label=&#8221;Kontakt&#8221; _builder_version=&#8221;4.21.0&#8243; _module_preset=&#8221;default&#8221; top_divider_color=&#8221;gcid-63426afa-b94d-441e-8711-a2b4d463ba6d&#8221; top_divider_flip=&#8221;vertical&#8221; collapsed=&#8221;on&#8221; global_colors_info=&#8221;{%22gcid-63426afa-b94d-441e-8711-a2b4d463ba6d%22:%91%22top_divider_color%22%93}&#8221; theme_builder_area=&#8221;post_content&#8221;][et_pb_row _builder_version=&#8221;4.21.0&#8243; _module_preset=&#8221;default&#8221; collapsed=&#8221;on&#8221; global_colors_info=&#8221;{}&#8221; theme_builder_area=&#8221;post_content&#8221;][et_pb_column type=&#8221;4_4&#8243; _builder_version=&#8221;4.21.0&#8243; _module_preset=&#8221;default&#8221; global_colors_info=&#8221;{}&#8221; theme_builder_area=&#8221;post_content&#8221;][et_pb_text _builder_version=&#8221;4.21.0&#8243; _module_preset=&#8221;9d611626-2f76-43c4-9e01-e4d7c83e2afa&#8221; global_colors_info=&#8221;{%22gcid-63426afa-b94d-441e-8711-a2b4d463ba6d%22:%91%22header_6_text_color%22%93}&#8221; theme_builder_area=&#8221;post_content&#8221;]<h6>CONTATTACI<\/h6>[\/et_pb_text][et_pb_text _builder_version=&#8221;4.21.0&#8243; _module_preset=&#8221;default&#8221; text_letter_spacing=&#8221;0.5px&#8221; text_line_height=&#8221;1.8em&#8221; text_orientation=&#8221;center&#8221; global_colors_info=&#8221;{}&#8221; theme_builder_area=&#8221;post_content&#8221;]<p>Richiedi informazioni o prenota il tuo appuntamento compilando il modulo.<\/p>\r\n<p>Noi ci prendiamo cura del tuo sorriso!<\/p>[\/et_pb_text][\/et_pb_column][\/et_pb_row][et_pb_row column_structure=&#8221;1_3,2_3&#8243; _builder_version=&#8221;4.21.0&#8243; _module_preset=&#8221;_initial&#8221; custom_css_main_element=&#8221;display: flex;||flex-wrap: wrap;&#8221; collapsed=&#8221;off&#8221; global_colors_info=&#8221;{}&#8221; theme_builder_area=&#8221;post_content&#8221;][et_pb_column type=&#8221;1_3&#8243; _builder_version=&#8221;4.21.0&#8243; _module_preset=&#8221;default&#8221; global_colors_info=&#8221;{}&#8221; custom_css_main_element_last_edited=&#8221;on|phone&#8221; custom_css_main_element_phone=&#8221;order: 2;&#8221; theme_builder_area=&#8221;post_content&#8221;][et_pb_text _builder_version=&#8221;4.21.0&#8243; _module_preset=&#8221;default&#8221; header_6_font=&#8221;Questa Grande|700|||||||&#8221; header_6_text_color=&#8221;gcid-63426afa-b94d-441e-8711-a2b4d463ba6d&#8221; header_6_letter_spacing=&#8221;2px&#8221; global_colors_info=&#8221;{%22gcid-63426afa-b94d-441e-8711-a2b4d463ba6d%22:%91%22header_6_text_color%22%93}&#8221; theme_builder_area=&#8221;post_content&#8221;]<h6>TELEFONO<\/h6>[\/et_pb_text][dsm_icon_list icon_color=&#8221;#000000&#8243; _builder_version=&#8221;4.22.1&#8243; _module_preset=&#8221;default&#8221; global_colors_info=&#8221;{}&#8221; theme_builder_area=&#8221;post_content&#8221;][dsm_icon_list_child text=&#8221;+385 51 256 888&#8243; font_icon=&#8221;&#xe090;||divi||400&#8243; icon_color=&#8221;gcid-63426afa-b94d-441e-8711-a2b4d463ba6d&#8221; icon_font_size=&#8221;18px&#8221; _builder_version=&#8221;4.22.1&#8243; _module_preset=&#8221;default&#8221; custom_padding=&#8221;||20px||false|false&#8221; global_colors_info=&#8221;{%22gcid-63426afa-b94d-441e-8711-a2b4d463ba6d%22:%91%22icon_color%22%93}&#8221; theme_builder_area=&#8221;post_content&#8221;][\/dsm_icon_list_child][dsm_icon_list_child text=&#8221;+385 91 761 83 09&#8243; font_icon=&#8221;&#xe00b;||divi||400&#8243; icon_color=&#8221;gcid-63426afa-b94d-441e-8711-a2b4d463ba6d&#8221; icon_font_size=&#8221;18px&#8221; _builder_version=&#8221;4.22.1&#8243; _module_preset=&#8221;default&#8221; global_colors_info=&#8221;{%22gcid-63426afa-b94d-441e-8711-a2b4d463ba6d%22:%91%22icon_color%22%93}&#8221; theme_builder_area=&#8221;post_content&#8221;][\/dsm_icon_list_child][\/dsm_icon_list][et_pb_text _builder_version=&#8221;4.21.0&#8243; _module_preset=&#8221;default&#8221; header_6_font=&#8221;Questa Grande|700||on|||||&#8221; header_6_text_color=&#8221;gcid-63426afa-b94d-441e-8711-a2b4d463ba6d&#8221; header_6_letter_spacing=&#8221;2px&#8221; custom_margin=&#8221;50px||||false|false&#8221; global_colors_info=&#8221;{%22gcid-63426afa-b94d-441e-8711-a2b4d463ba6d%22:%91%22header_6_text_color%22%93}&#8221; theme_builder_area=&#8221;post_content&#8221;]<h6>MESSAGGI<\/h6>[\/et_pb_text][dsm_icon_list icon_font_size=&#8221;21px&#8221; _builder_version=&#8221;4.22.1&#8243; _module_preset=&#8221;default&#8221; global_colors_info=&#8221;{}&#8221; theme_builder_area=&#8221;post_content&#8221;][dsm_icon_list_child text=&#8221;+385 91 761 83 09&#8243; font_icon=&#8221;&#xf409;||fa||400&#8243; icon_color=&#8221;#8300E9&#8243; icon_font_size=&#8221;20px&#8221; _builder_version=&#8221;4.22.1&#8243; _module_preset=&#8221;default&#8221; custom_padding=&#8221;||20px||false|false&#8221; global_colors_info=&#8221;{}&#8221; theme_builder_area=&#8221;post_content&#8221;][\/dsm_icon_list_child][dsm_icon_list_child text=&#8221;+385 91 761 83 09&#8243; font_icon=&#8221;&#xf232;||fa||400&#8243; icon_color=&#8221;#3daf00&#8243; _builder_version=&#8221;4.22.1&#8243; _module_preset=&#8221;default&#8221; global_colors_info=&#8221;{}&#8221; theme_builder_area=&#8221;post_content&#8221;][\/dsm_icon_list_child][\/dsm_icon_list][et_pb_text _builder_version=&#8221;4.21.0&#8243; _module_preset=&#8221;default&#8221; header_6_font=&#8221;Questa Grande|700||on|||||&#8221; header_6_text_color=&#8221;gcid-63426afa-b94d-441e-8711-a2b4d463ba6d&#8221; header_6_letter_spacing=&#8221;2px&#8221; custom_margin=&#8221;50px||||false|false&#8221; global_colors_info=&#8221;{%22gcid-63426afa-b94d-441e-8711-a2b4d463ba6d%22:%91%22header_6_text_color%22%93}&#8221; theme_builder_area=&#8221;post_content&#8221;]<h6>e-mail<\/h6>[\/et_pb_text][dsm_icon_list icon_color=&#8221;#000000&#8243; _builder_version=&#8221;4.22.1&#8243; _module_preset=&#8221;default&#8221; global_colors_info=&#8221;{}&#8221; theme_builder_area=&#8221;post_content&#8221;][dsm_icon_list_child text=&#8221;info@kasalovic-dent.hr&#8221; font_icon=&#8221;&#xe010;||divi||400&#8243; icon_color=&#8221;gcid-63426afa-b94d-441e-8711-a2b4d463ba6d&#8221; icon_font_size=&#8221;18px&#8221; _builder_version=&#8221;4.22.1&#8243; _module_preset=&#8221;default&#8221; custom_padding=&#8221;||20px||false|false&#8221; global_colors_info=&#8221;{%22gcid-63426afa-b94d-441e-8711-a2b4d463ba6d%22:%91%22icon_color%22%93}&#8221; theme_builder_area=&#8221;post_content&#8221;][\/dsm_icon_list_child][\/dsm_icon_list][et_pb_text _builder_version=&#8221;4.21.0&#8243; _module_preset=&#8221;default&#8221; header_6_font=&#8221;Questa Grande|700||on|||||&#8221; header_6_text_color=&#8221;gcid-63426afa-b94d-441e-8711-a2b4d463ba6d&#8221; header_6_letter_spacing=&#8221;2px&#8221; custom_margin=&#8221;50px||||false|false&#8221; global_colors_info=&#8221;{%22gcid-63426afa-b94d-441e-8711-a2b4d463ba6d%22:%91%22header_6_text_color%22%93}&#8221; theme_builder_area=&#8221;post_content&#8221;]<h6>SOCIAL<\/h6>[\/et_pb_text][et_pb_social_media_follow _builder_version=&#8221;4.21.0&#8243; _module_preset=&#8221;default&#8221; global_colors_info=&#8221;{}&#8221; theme_builder_area=&#8221;post_content&#8221;][et_pb_social_media_follow_network social_network=&#8221;facebook&#8221; _builder_version=&#8221;4.21.0&#8243; _module_preset=&#8221;default&#8221; background_color=&#8221;#3b5998&#8243; global_colors_info=&#8221;{}&#8221; theme_builder_area=&#8221;post_content&#8221; follow_button=&#8221;off&#8221; url_new_window=&#8221;on&#8221;]facebook[\/et_pb_social_media_follow_network][et_pb_social_media_follow_network social_network=&#8221;instagram&#8221; _builder_version=&#8221;4.21.0&#8243; _module_preset=&#8221;default&#8221; background_color=&#8221;#ea2c59&#8243; global_colors_info=&#8221;{}&#8221; theme_builder_area=&#8221;post_content&#8221; follow_button=&#8221;off&#8221; url_new_window=&#8221;on&#8221;]instagram[\/et_pb_social_media_follow_network][\/et_pb_social_media_follow][\/et_pb_column][et_pb_column type=&#8221;2_3&#8243; _builder_version=&#8221;4.21.0&#8243; _module_preset=&#8221;default&#8221; custom_padding_tablet=&#8221;&#8221; custom_padding_phone=&#8221;||||false|false&#8221; custom_padding_last_edited=&#8221;on|phone&#8221; global_colors_info=&#8221;{}&#8221; custom_css_main_element_last_edited=&#8221;on|phone&#8221; theme_builder_area=&#8221;post_content&#8221;][dvppl_cf7_styler cf7=&#8221;3332&#8243; form_field_padding=&#8221;20px|20px|20px|20px|true|true&#8221; form_field_spacing=&#8221;10px&#8221; form_label_spacing=&#8221;0px&#8221; _builder_version=&#8221;4.22.1&#8243; _module_preset=&#8221;default&#8221; form_field_font_font=&#8221;||||||||&#8221; form_field_font_text_color=&#8221;#000000&#8243; form_field_font_font_size=&#8221;1em&#8221; form_field_font_letter_spacing=&#8221;0.5px&#8221; labels_font=&#8221;|||on|||||&#8221; labels_text_color=&#8221;gcid-63426afa-b94d-441e-8711-a2b4d463ba6d&#8221; labels_font_size=&#8221;0.7em&#8221; labels_letter_spacing=&#8221;0.5px&#8221; custom_submit_button=&#8221;on&#8221; submit_button_text_size=&#8221;14px&#8221; submit_button_text_color=&#8221;gcid-fcb6e445-e0cb-414e-8d29-e9d6169e6e5e&#8221; submit_button_bg_color=&#8221;gcid-63426afa-b94d-441e-8711-a2b4d463ba6d&#8221; submit_button_border_width=&#8221;1px&#8221; submit_button_border_color=&#8221;gcid-63426afa-b94d-441e-8711-a2b4d463ba6d&#8221; submit_button_border_radius=&#8221;3px&#8221; submit_button_letter_spacing=&#8221;5px&#8221; submit_button_font=&#8221;|700||on|||||&#8221; submit_button_custom_padding=&#8221;10px|20px|10px|20px|true|true&#8221; custom_margin_tablet=&#8221;&#8221; custom_margin_phone=&#8221;||||false|false&#8221; custom_margin_last_edited=&#8221;on|phone&#8221; custom_padding_tablet=&#8221;&#8221; custom_padding_phone=&#8221;||50px||false|false&#8221; custom_padding_last_edited=&#8221;on|phone&#8221; border_radii_field=&#8221;on|3px|3px|3px|3px&#8221; border_style_all_field=&#8221;none&#8221; border_color_bottom_field=&#8221;gcid-63426afa-b94d-441e-8711-a2b4d463ba6d&#8221; global_colors_info=&#8221;{%22gcid-63426afa-b94d-441e-8711-a2b4d463ba6d%22:%91%22border_color_bottom_field%22,%22labels_text_color%22,%22submit_button_border_color%22,%22submit_button_bg_color%22%93,%22gcid-fcb6e445-e0cb-414e-8d29-e9d6169e6e5e%22:%91%22submit_button_text_color%22%93}&#8221; theme_builder_area=&#8221;post_content&#8221;][\/dvppl_cf7_styler][\/et_pb_column][\/et_pb_row][\/et_pb_section]<!-- \/wp:post-content -->","protected":false},"excerpt":{"rendered":"<p>Bite IL PROBLEMA DEL DIGRIGNAMENTO DEI DENTIIl digrignamento dei denti, fenomeno conosciuto anche come bruxismo, contribuisce notevolmente all&#8217;alterazione dell&#8217;occlusione, che si manifesta anche nell&#8217;apparenza del terzo inferiore della faccia.Oggi numerose persone soffrono a causa di movimenti parafunzionali notturni (digrignamento dei denti). Come conseguenza si manifestano numerosi problemi del sistema stomato-gnatico. Il paziente inizia a sentire [&hellip;]<\/p>\n","protected":false},"author":1,"featured_media":0,"parent":0,"menu_order":0,"comment_status":"closed","ping_status":"closed","template":"","meta":{"_et_pb_use_builder":"on","_et_pb_old_content":"","_et_gb_content_width":"","footnotes":""},"class_list":["post-3430","page","type-page","status-publish","hentry"],"_links":{"self":[{"href":"https:\/\/kasalovic-dent.hr\/it\/wp-json\/wp\/v2\/pages\/3430","targetHints":{"allow":["GET"]}}],"collection":[{"href":"https:\/\/kasalovic-dent.hr\/it\/wp-json\/wp\/v2\/pages"}],"about":[{"href":"https:\/\/kasalovic-dent.hr\/it\/wp-json\/wp\/v2\/types\/page"}],"author":[{"embeddable":true,"href":"https:\/\/kasalovic-dent.hr\/it\/wp-json\/wp\/v2\/users\/1"}],"replies":[{"embeddable":true,"href":"https:\/\/kasalovic-dent.hr\/it\/wp-json\/wp\/v2\/comments?post=3430"}],"version-history":[{"count":1,"href":"https:\/\/kasalovic-dent.hr\/it\/wp-json\/wp\/v2\/pages\/3430\/revisions"}],"predecessor-version":[{"id":4111,"href":"https:\/\/kasalovic-dent.hr\/it\/wp-json\/wp\/v2\/pages\/3430\/revisions\/4111"}],"wp:attachment":[{"href":"https:\/\/kasalovic-dent.hr\/it\/wp-json\/wp\/v2\/media?parent=3430"}],"curies":[{"name":"wp","href":"https:\/\/api.w.org\/{rel}","templated":true}]}}