{"id":3272,"date":"2023-07-26T15:54:18","date_gmt":"2023-07-26T15:54:18","guid":{"rendered":"https:\/\/kasalovic-dent.hr\/knirschschienen\/"},"modified":"2025-09-26T10:52:28","modified_gmt":"2025-09-26T10:52:28","slug":"knirschschienen","status":"publish","type":"page","link":"https:\/\/kasalovic-dent.hr\/de\/knirschschienen\/","title":{"rendered":"Schienen"},"content":{"rendered":"[et_pb_section fb_built=&#8220;1&#8243; admin_label=&#8220;Header&#8220; _builder_version=&#8220;4.22.1&#8243; _module_preset=&#8220;c50a7f89-fb82-4842-9e3f-a3b3af8ef82b&#8220; height_tablet=&#8220;auto&#8220; bottom_divider_color=&#8220;gcid-63426afa-b94d-441e-8711-a2b4d463ba6d&#8220; global_colors_info=&#8220;{%22gcid-63426afa-b94d-441e-8711-a2b4d463ba6d%22:%91%22bottom_divider_color%22%93}&#8220;][et_pb_row make_equal=&#8220;on&#8220; admin_label=&#8220;Title&#8220; _builder_version=&#8220;4.22.1&#8243; _module_preset=&#8220;543cc20e-171f-4350-9be5-befd74bbf99a&#8220; background_size=&#8220;initial&#8220; background_position=&#8220;top_left&#8220; background_repeat=&#8220;repeat&#8220; custom_margin_tablet=&#8220;||0px||false|false&#8220; custom_margin_phone=&#8220;||0px||false|false&#8220; global_colors_info=&#8220;{}&#8220;][et_pb_column type=&#8220;4_4&#8243; admin_label=&#8220;Column&#8220; _builder_version=&#8220;4.21.0&#8243; custom_padding=&#8220;|||&#8220; global_colors_info=&#8220;{}&#8220; custom_padding__hover=&#8220;|||&#8220;][et_pb_text admin_label=&#8220;Text&#8220; _builder_version=&#8220;4.22.1&#8243; header_font=&#8220;Questa Grande||||||||&#8220; header_text_align=&#8220;center&#8220; header_text_color=&#8220;#000000&#8243; background_size=&#8220;initial&#8220; background_position=&#8220;top_left&#8220; background_repeat=&#8220;repeat&#8220; hover_enabled=&#8220;0&#8243; header_font_size_tablet=&#8220;&#8220; header_font_size_phone=&#8220;2.5em&#8220; header_font_size_last_edited=&#8220;on|phone&#8220; global_colors_info=&#8220;{}&#8220; sticky_enabled=&#8220;0&#8243;]<h1>Knirschschienen<\/h1>\n<p><\/p>[\/et_pb_text][\/et_pb_column][\/et_pb_row][\/et_pb_section][et_pb_section fb_built=&#8220;1&#8243; admin_label=&#8220;Usluge&#8220; _builder_version=&#8220;4.21.0&#8243; _module_preset=&#8220;26b9459b-e5d2-474f-8570-23c76306b235&#8243; global_colors_info=&#8220;{}&#8220;][et_pb_row _builder_version=&#8220;4.21.0&#8243; _module_preset=&#8220;default&#8220; global_colors_info=&#8220;{}&#8220;][et_pb_column type=&#8220;4_4&#8243; _builder_version=&#8220;4.21.0&#8243; _module_preset=&#8220;default&#8220; global_colors_info=&#8220;{}&#8220;][et_pb_image src=&#8220;https:\/\/kasalovic-dent.hr\/wp-content\/uploads\/2023\/08\/udlage-icon-kasalovic-dent.svg&#8220; title_text=&#8220;udlage-icon-kasalovic-dent&#8220; align=&#8220;center&#8220; _builder_version=&#8220;4.22.1&#8243; _module_preset=&#8220;default&#8220; width=&#8220;10%&#8220; width_tablet=&#8220;30%&#8220; width_phone=&#8220;33%&#8220; width_last_edited=&#8220;on|phone&#8220; module_alignment=&#8220;center&#8220; hover_enabled=&#8220;0&#8243; global_colors_info=&#8220;{}&#8220; sticky_enabled=&#8220;0&#8243;][\/et_pb_image][et_pb_text _builder_version=&#8220;4.21.0&#8243; _module_preset=&#8220;9d611626-2f76-43c4-9e01-e4d7c83e2afa&#8220; global_colors_info=&#8220;{%22gcid-63426afa-b94d-441e-8711-a2b4d463ba6d%22:%91%22header_6_text_color%22%93}&#8220;]<h6>PROBLEM DES Z\u00c4HNEKIRNSCHENS<\/h6>[\/et_pb_text][et_pb_text _builder_version=&#8220;4.21.0&#8243; _module_preset=&#8220;8fea2ad3-1a9b-4079-ba85-a4004fba4efa&#8220; global_colors_info=&#8220;{}&#8220;]<p>Der Zahnverschlei\u00df ver\u00e4ndert allm\u00e4hlich den Biss, was sich auch im Erscheinungsbild des unteren Gesichtsdrittels widerspiegelt.<\/p>[\/et_pb_text][\/et_pb_column][\/et_pb_row][\/et_pb_section][et_pb_section fb_built=&#8220;1&#8243; admin_label=&#8220;Usluge&#8220; _builder_version=&#8220;4.21.0&#8243; _module_preset=&#8220;6d166217-171c-4bf8-92de-449a3ca7b907&#8243; global_colors_info=&#8220;{}&#8220;][et_pb_row custom_padding_last_edited=&#8220;on|phone&#8220; _builder_version=&#8220;4.22.1&#8243; _module_preset=&#8220;default&#8220; custom_padding=&#8220;|150px||150px|false|true&#8220; custom_padding_tablet=&#8220;|0px||0px|false|true&#8220; custom_padding_phone=&#8220;|0px||0px|false|true&#8220; global_colors_info=&#8220;{}&#8220;][et_pb_column type=&#8220;4_4&#8243; _builder_version=&#8220;4.21.0&#8243; _module_preset=&#8220;default&#8220; global_colors_info=&#8220;{}&#8220;][et_pb_text _builder_version=&#8220;4.21.0&#8243; _module_preset=&#8220;da2270b8-5b32-4f02-81ea-9b779ee75dad&#8220; text_line_height=&#8220;1.8em&#8220; background_enable_color=&#8220;off&#8220; global_colors_info=&#8220;{%22gcid-fcb6e445-e0cb-414e-8d29-e9d6169e6e5e%22:%91%22background_color%22%93}&#8220;]<p>Heutzutage leiden viele Menschen an parafunktionellen Bewegungen im Schlaf (z.B. Z\u00e4hnepressen, Z\u00e4hneknirschen). Dies kann zu einer ganzen Reihe von negativen Auswirkungen auf das stomatognathe System f\u00fchren. Dar\u00fcber hinaus, k\u00f6nnen bei Patienten nicht nur Kopfschmerzen sondern auch Schmerzen in den Gelenken (temporomanibulare Gelenk) oder in der Kaumuskulatur auftreten.<\/p>\r\n<p>Beim Z\u00e4hneknirschen verschlei\u00dfen die Z\u00e4hne, verlieren ihre H\u00f6he und Form und es k\u00f6nnen Zahnhalsdefekte (freiliegende Zahnh\u00e4lse) auftreten.<\/p>\r\n<p>Der Zahnverschlei\u00df ver\u00e4ndert allm\u00e4hlich den Biss, was sich auch im Erscheinungsbild des unteren Gesichtsdrittels widerspiegelt.<\/p>\r\n<p>Der Nacht- oder Schlafbruxismus wird sehr oft mit t\u00e4glichem Stress in Verbindung gebracht und ist eigentlich die Art und Weise, wie unser K\u00f6rper damit im entspannten, unbewussten Zustand umgeht.<\/p>\r\n<p>Wir k\u00f6nnen diese Bewegungen, bzw. das Z\u00e4hneknirschen nicht verhindern aber wir k\u00f6nnen unsere Z\u00e4hne vor weiterem Verschlei\u00df sch\u00fctzen.<\/p>\r\n<p>Ein einfaches Mittel, dass in dem Fall eingesetzt werden kann, ist die sogenannte Knirscherschiene (Okklusionsschiene). Die Knirscherschienen werden aus einer durchsichtigen Kunststofffolie angefertigt. Vor der eigentlichen Herstellung muss zuerst ein Zahnabdruck genommen werden. Aufgrund dieses Zahnabdrucks wird im Dentallabor ein Model Ihrer Z\u00e4hne gegossen und anschlie\u00dfend wird mit einem besonderen Ger\u00e4t eine Kunststofffolie darauf angebracht.<\/p>\r\n<p>Wir empfehlen Ihnen, die Knirscherschienen jede Nacht zu tragen. Sie ist angenehm und verursacht keine St\u00f6rungen, denn sie deckt lediglich Ihre Z\u00e4hne ab, wodurch parafunktionelle Bewegungen und direkter Kontakt zwischen den Z\u00e4hnen, sowie ihr weiterer Verschlei\u00df, verhindert werden.<\/p>\r\n<p>Die Knirscherschienen sind eine ideale L\u00f6sung und dienen auch dazu, die erreichte Zahnstellung nach einer kieferorthop\u00e4dischen Therapie zu erhalten (Retainer).<\/p>\r\n<p>Sie werden auch nach Herstellung von prothetischen Arbeiten (Veneers, Kronen, Br\u00fccken) bei Patienten mit ausgepr\u00e4gten parafunktionellen Bewegungen empfohlen, womit unerw\u00fcnschte Keramikbr\u00fcche und weiterer Verschlie\u00df der nat\u00fcrlichen Z\u00e4hne verhindert werden, sowie bei Patienten, die an paradontalen Erkrankungen leiden, wodurch unerw\u00fcnschte Zahnbewegungen verhindert werden.<\/p>\r\n<p><strong>Sportschienen<\/strong><\/p>\r\n<p>Wir alle waren schon mal Zeugen einer schweren oder leichteren Sportverletzung.<br \/><br \/>Um solche Zahnsch\u00e4den zu verhindern, werden Z\u00e4hne mit einer speziellen, weichen Folie gesch\u00fctzt, welche w\u00e4hrend der sportlichen Bet\u00e4tigung getragen werden soll. Diese werden bei sehr vielen verschiedenen Sportarten getragen, am meisten jedoch beim Boxen, Radfahren, Fu\u00dfball, Handball, Rollen, bei verschiedenen Kampfsportarten usw.<\/p>\r\n<p>Wenn Sie trendbewusst sein m\u00f6chten, sind Schienen je nach Wunsch in verschiedenen Farben erh\u00e4ltlich.<\/p>[\/et_pb_text][\/et_pb_column][\/et_pb_row][\/et_pb_section][et_pb_section fb_built=&#8220;1&#8243; _builder_version=&#8220;4.21.0&#8243; _module_preset=&#8220;default&#8220; global_colors_info=&#8220;{}&#8220;][et_pb_row _builder_version=&#8220;4.21.0&#8243; _module_preset=&#8220;default&#8220; global_colors_info=&#8220;{}&#8220;][et_pb_column type=&#8220;4_4&#8243; _builder_version=&#8220;4.21.0&#8243; _module_preset=&#8220;default&#8220; global_colors_info=&#8220;{}&#8220;][et_pb_text _builder_version=&#8220;4.21.0&#8243; _module_preset=&#8220;9d611626-2f76-43c4-9e01-e4d7c83e2afa&#8220; locked=&#8220;off&#8220; global_colors_info=&#8220;{}&#8220;]<h6>UNSERE ERGEBNISSE<\/h6>[\/et_pb_text][\/et_pb_column][\/et_pb_row][et_pb_row column_structure=&#8220;1_3,1_3,1_3&#8243; _builder_version=&#8220;4.22.1&#8243; _module_preset=&#8220;543cc20e-171f-4350-9be5-befd74bbf99a&#8220; custom_margin_tablet=&#8220;||0px||false|false&#8220; custom_margin_phone=&#8220;||0px||false|false&#8220; global_colors_info=&#8220;{}&#8220;][et_pb_column type=&#8220;1_3&#8243; _builder_version=&#8220;4.21.0&#8243; _module_preset=&#8220;default&#8220; global_colors_info=&#8220;{}&#8220;][dsm_before_after_image before_src=&#8220;https:\/\/kasalovic-dent.hr\/wp-content\/uploads\/2023\/07\/S-27A.webp&#8220; before_alt=&#8220;Vorher&#8220; after_src=&#8220;https:\/\/kasalovic-dent.hr\/wp-content\/uploads\/2023\/07\/S-27B.webp&#8220; before_label_text=&#8220;Vorher&#8220; after_label_text=&#8220;Nachher&#8220; _builder_version=&#8220;4.21.0&#8243; _module_preset=&#8220;default&#8220; global_colors_info=&#8220;{}&#8220;][\/dsm_before_after_image][\/et_pb_column][et_pb_column type=&#8220;1_3&#8243; _builder_version=&#8220;4.21.0&#8243; _module_preset=&#8220;default&#8220; global_colors_info=&#8220;{}&#8220;][dsm_before_after_image before_src=&#8220;https:\/\/kasalovic-dent.hr\/wp-content\/uploads\/2023\/07\/S-28A.webp&#8220; before_title_text=&#8220;Vorher&#8220; after_src=&#8220;https:\/\/kasalovic-dent.hr\/wp-content\/uploads\/2023\/07\/S-28B.webp&#8220; after_title_text=&#8220;Nachher&#8220; before_label_text=&#8220;Vorher&#8220; after_label_text=&#8220;Nachher&#8220; _builder_version=&#8220;4.21.0&#8243; _module_preset=&#8220;default&#8220; global_colors_info=&#8220;{}&#8220;][\/dsm_before_after_image][\/et_pb_column][et_pb_column type=&#8220;1_3&#8243; _builder_version=&#8220;4.21.0&#8243; _module_preset=&#8220;default&#8220; global_colors_info=&#8220;{}&#8220;][dsm_before_after_image before_src=&#8220;https:\/\/kasalovic-dent.hr\/wp-content\/uploads\/2023\/07\/S-29A.webp&#8220; before_title_text=&#8220;Vorher&#8220; after_src=&#8220;https:\/\/kasalovic-dent.hr\/wp-content\/uploads\/2023\/07\/S-29B.webp&#8220; after_title_text=&#8220;Nachher&#8220; before_label_text=&#8220;Vorher&#8220; after_label_text=&#8220;Nachher&#8220; _builder_version=&#8220;4.21.0&#8243; _module_preset=&#8220;default&#8220; global_colors_info=&#8220;{}&#8220;][\/dsm_before_after_image][\/et_pb_column][\/et_pb_row][et_pb_row _builder_version=&#8220;4.21.0&#8243; _module_preset=&#8220;default&#8220; global_colors_info=&#8220;{}&#8220;][et_pb_column type=&#8220;4_4&#8243; _builder_version=&#8220;4.21.0&#8243; _module_preset=&#8220;default&#8220; global_colors_info=&#8220;{}&#8220;][et_pb_button button_url=&#8220;@ET-DC@eyJkeW5hbWljIjp0cnVlLCJjb250ZW50IjoicG9zdF9saW5rX3VybF9wYWdlIiwic2V0dGluZ3MiOnsicG9zdF9pZCI6IjM3MSIsImVuYWJsZV9odG1sIjoib2ZmIn19@&#8220; button_text=&#8220;Alles sehen&#8220; button_alignment=&#8220;center&#8220; _builder_version=&#8220;4.21.0&#8243; _dynamic_attributes=&#8220;button_url&#8220; _module_preset=&#8220;default&#8220; custom_button=&#8220;on&#8220; button_text_size=&#8220;14px&#8220; button_border_width=&#8220;1px&#8220; button_letter_spacing=&#8220;3px&#8220; button_font=&#8220;|||on|||||&#8220; global_colors_info=&#8220;{}&#8220;][\/et_pb_button][\/et_pb_column][\/et_pb_row][\/et_pb_section][et_pb_section fb_built=&#8220;1&#8243; _builder_version=&#8220;4.21.0&#8243; _module_preset=&#8220;a7c40100-3974-4843-ae48-b9b80b64185d&#8220; custom_padding=&#8220;||150px||false|false&#8220; bottom_divider_style=&#8220;triangle&#8220; bottom_divider_color=&#8220;#FFFFFF&#8220; bottom_divider_flip=&#8220;vertical&#8220; bottom_divider_height_tablet=&#8220;&#8220; bottom_divider_height_phone=&#8220;75px&#8220; bottom_divider_height_last_edited=&#8220;on|phone&#8220; border_width_bottom=&#8220;0px&#8220; border_color_bottom=&#8220;RGBA(255,255,255,0)&#8220; border_style_bottom=&#8220;none&#8220; border_style_all_tablet=&#8220;&#8220; border_style_all_phone=&#8220;none&#8220; border_style_all_last_edited=&#8220;on|phone&#8220; global_colors_info=&#8220;{%22gcid-63426afa-b94d-441e-8711-a2b4d463ba6d%22:%91%22bottom_divider_color%22%93}&#8220;][et_pb_row _builder_version=&#8220;4.21.0&#8243; _module_preset=&#8220;default&#8220; global_colors_info=&#8220;{}&#8220;][et_pb_column type=&#8220;4_4&#8243; _builder_version=&#8220;4.21.0&#8243; _module_preset=&#8220;default&#8220; global_colors_info=&#8220;{}&#8220;][et_pb_text _builder_version=&#8220;4.21.0&#8243; _module_preset=&#8220;9d611626-2f76-43c4-9e01-e4d7c83e2afa&#8220; global_colors_info=&#8220;{}&#8220;]<h6>WENDEN SIE SICH MIT VERTRAUEN AN UNS<\/h6>[\/et_pb_text][et_pb_text _builder_version=&#8220;4.21.0&#8243; _module_preset=&#8220;8fea2ad3-1a9b-4079-ba85-a4004fba4efa&#8220; global_colors_info=&#8220;{}&#8220;]<p>Das Vertrauen, das Sie uns entgegenbringen, ist uns \u00e4u\u00dferst wichtig.<\/p>[\/et_pb_text][et_pb_text content_tablet=&#8220;<p> Sie k\u00f6nnen sich also wohl und sicher f\u00fchlen, da wir die Ergebnisse sorgf\u00e4ltig lesen und Ihnen jeden Schritt der Behandlung erkl\u00e4ren werden. <\/p>&#8220; content_phone=&#8220;<p> Sie k\u00f6nnen sich also wohl und sicher f\u00fchlen, da wir die Ergebnisse sorgf\u00e4ltig lesen und Ihnen jeden Schritt der Behandlung erkl\u00e4ren werden. <\/p>&#8220; content_last_edited=&#8220;on|phone&#8220; _builder_version=&#8220;4.21.0&#8243; _module_preset=&#8220;default&#8220; text_letter_spacing=&#8220;0.5px&#8220; text_line_height=&#8220;1.8em&#8220; text_orientation=&#8220;center&#8220; global_colors_info=&#8220;{}&#8220;]<p> Sie k\u00f6nnen sich also wohl und sicher f\u00fchlen, da wir die Ergebnisse sorgf\u00e4ltig lesen und Ihnen jeden Schritt der Behandlung erkl\u00e4ren werden. <\/p>[\/et_pb_text][\/et_pb_column][\/et_pb_row][\/et_pb_section][et_pb_section fb_built=&#8220;1&#8243; admin_label=&#8220;Kontakt&#8220; _builder_version=&#8220;4.21.0&#8243; _module_preset=&#8220;default&#8220; top_divider_color=&#8220;gcid-63426afa-b94d-441e-8711-a2b4d463ba6d&#8220; top_divider_flip=&#8220;vertical&#8220; collapsed=&#8220;on&#8220; global_colors_info=&#8220;{%22gcid-63426afa-b94d-441e-8711-a2b4d463ba6d%22:%91%22top_divider_color%22%93}&#8220; locked=&#8220;off&#8220;][et_pb_row _builder_version=&#8220;4.21.0&#8243; _module_preset=&#8220;default&#8220; collapsed=&#8220;off&#8220; global_colors_info=&#8220;{}&#8220;][et_pb_column type=&#8220;4_4&#8243; _builder_version=&#8220;4.21.0&#8243; _module_preset=&#8220;default&#8220; global_colors_info=&#8220;{}&#8220;][et_pb_text _builder_version=&#8220;4.21.0&#8243; _module_preset=&#8220;9d611626-2f76-43c4-9e01-e4d7c83e2afa&#8220; global_colors_info=&#8220;{%22gcid-63426afa-b94d-441e-8711-a2b4d463ba6d%22:%91%22header_6_text_color%22%93}&#8220;]<h6>KONTAKTIEREN SIE UNS<\/h6>[\/et_pb_text][et_pb_text content_tablet=&#8220;<p>Egal ob Sie Informationen w\u00fcnschen oder einen Termin vereinbaren wollen, f\u00fcllen Sie einfach unser Kontaktformular aus.<\/p>\n<p>Ihr L\u00e4cheln ist unser Anliegen!<\/p>&#8220; content_phone=&#8220;<p>Egal ob Sie Informationen w\u00fcnschen oder einen Termin vereinbaren wollen, f\u00fcllen Sie einfach unser Kontaktformular aus.<\/p>\n<p>Ihr L\u00e4cheln ist unser Anliegen!<\/p>&#8220; content_last_edited=&#8220;on|tablet&#8220; _builder_version=&#8220;4.22.1&#8243; _module_preset=&#8220;default&#8220; text_letter_spacing=&#8220;0.5px&#8220; text_line_height=&#8220;1.8em&#8220; text_orientation=&#8220;center&#8220; global_colors_info=&#8220;{}&#8220;]<p>Egal ob Sie Informationen w\u00fcnschen oder einen Termin vereinbaren wollen,<br \/>f\u00fcllen Sie einfach unser Kontaktformular aus.<\/p>\n<p>Ihr L\u00e4cheln ist unser Anliegen!<\/p>[\/et_pb_text][\/et_pb_column][\/et_pb_row][et_pb_row column_structure=&#8220;1_3,2_3&#8243; _builder_version=&#8220;4.21.0&#8243; _module_preset=&#8220;_initial&#8220; custom_css_main_element=&#8220;display: flex;||flex-wrap: wrap;&#8220; collapsed=&#8220;off&#8220; global_colors_info=&#8220;{}&#8220;][et_pb_column type=&#8220;1_3&#8243; _builder_version=&#8220;4.21.0&#8243; _module_preset=&#8220;default&#8220; global_colors_info=&#8220;{}&#8220; custom_css_main_element_last_edited=&#8220;on|phone&#8220; custom_css_main_element_phone=&#8220;order: 2;&#8220;][et_pb_text _builder_version=&#8220;4.22.1&#8243; _module_preset=&#8220;default&#8220; header_6_font=&#8220;Questa Grande|700|||||||&#8220; header_6_text_color=&#8220;gcid-63426afa-b94d-441e-8711-a2b4d463ba6d&#8220; header_6_letter_spacing=&#8220;2px&#8220; global_colors_info=&#8220;{%22gcid-63426afa-b94d-441e-8711-a2b4d463ba6d%22:%91%22header_6_text_color%22%93}&#8220;]<h6>TELEFON<\/h6>[\/et_pb_text][dsm_icon_list icon_color=&#8220;#000000&#8243; _builder_version=&#8220;4.22.1&#8243; _module_preset=&#8220;default&#8220; global_colors_info=&#8220;{}&#8220;][dsm_icon_list_child text=&#8220;+385 51 256 888&#8243; font_icon=&#8220;&#xe090;||divi||400&#8243; icon_color=&#8220;gcid-63426afa-b94d-441e-8711-a2b4d463ba6d&#8220; icon_font_size=&#8220;18px&#8220; _builder_version=&#8220;4.22.1&#8243; _module_preset=&#8220;default&#8220; custom_padding=&#8220;||20px||false|false&#8220; global_colors_info=&#8220;{%22gcid-63426afa-b94d-441e-8711-a2b4d463ba6d%22:%91%22icon_color%22%93}&#8220;][\/dsm_icon_list_child][dsm_icon_list_child text=&#8220;+385 91 761 83 09&#8243; font_icon=&#8220;&#xe00b;||divi||400&#8243; icon_color=&#8220;gcid-63426afa-b94d-441e-8711-a2b4d463ba6d&#8220; icon_font_size=&#8220;18px&#8220; _builder_version=&#8220;4.22.1&#8243; _module_preset=&#8220;default&#8220; global_colors_info=&#8220;{%22gcid-63426afa-b94d-441e-8711-a2b4d463ba6d%22:%91%22icon_color%22%93}&#8220;][\/dsm_icon_list_child][\/dsm_icon_list][et_pb_text _builder_version=&#8220;4.22.1&#8243; _module_preset=&#8220;default&#8220; header_6_font=&#8220;Questa Grande|700||on|||||&#8220; header_6_text_color=&#8220;gcid-63426afa-b94d-441e-8711-a2b4d463ba6d&#8220; header_6_letter_spacing=&#8220;2px&#8220; custom_margin=&#8220;50px||||false|false&#8220; global_colors_info=&#8220;{%22gcid-63426afa-b94d-441e-8711-a2b4d463ba6d%22:%91%22header_6_text_color%22%93}&#8220;]<h6>SMS<\/h6>[\/et_pb_text][dsm_icon_list icon_font_size=&#8220;21px&#8220; _builder_version=&#8220;4.22.1&#8243; _module_preset=&#8220;default&#8220; global_colors_info=&#8220;{}&#8220;][dsm_icon_list_child text=&#8220;+385 91 761 83 09&#8243; font_icon=&#8220;&#xf409;||fa||400&#8243; icon_color=&#8220;#8300E9&#8243; icon_font_size=&#8220;20px&#8220; _builder_version=&#8220;4.22.1&#8243; _module_preset=&#8220;default&#8220; custom_padding=&#8220;||20px||false|false&#8220; global_colors_info=&#8220;{}&#8220;][\/dsm_icon_list_child][dsm_icon_list_child text=&#8220;+385 91 761 83 09&#8243; font_icon=&#8220;&#xf232;||fa||400&#8243; icon_color=&#8220;#3daf00&#8243; _builder_version=&#8220;4.22.1&#8243; _module_preset=&#8220;default&#8220; global_colors_info=&#8220;{}&#8220;][\/dsm_icon_list_child][\/dsm_icon_list][et_pb_text _builder_version=&#8220;4.22.1&#8243; _module_preset=&#8220;default&#8220; header_6_font=&#8220;Questa Grande|700||on|||||&#8220; header_6_text_color=&#8220;gcid-63426afa-b94d-441e-8711-a2b4d463ba6d&#8220; header_6_letter_spacing=&#8220;2px&#8220; custom_margin=&#8220;50px||||false|false&#8220; global_colors_info=&#8220;{%22gcid-63426afa-b94d-441e-8711-a2b4d463ba6d%22:%91%22header_6_text_color%22%93}&#8220;]<h6>e-mail<\/h6>[\/et_pb_text][dsm_icon_list icon_color=&#8220;#000000&#8243; _builder_version=&#8220;4.22.1&#8243; _module_preset=&#8220;default&#8220; global_colors_info=&#8220;{}&#8220;][dsm_icon_list_child text=&#8220;info@kasalovic-dent.hr&#8220; font_icon=&#8220;&#xe010;||divi||400&#8243; icon_color=&#8220;gcid-63426afa-b94d-441e-8711-a2b4d463ba6d&#8220; icon_font_size=&#8220;18px&#8220; _builder_version=&#8220;4.22.1&#8243; _module_preset=&#8220;default&#8220; custom_padding=&#8220;||20px||false|false&#8220; global_colors_info=&#8220;{%22gcid-63426afa-b94d-441e-8711-a2b4d463ba6d%22:%91%22icon_color%22%93}&#8220;][\/dsm_icon_list_child][\/dsm_icon_list][et_pb_text _builder_version=&#8220;4.22.1&#8243; _module_preset=&#8220;default&#8220; header_6_font=&#8220;Questa Grande|700||on|||||&#8220; header_6_text_color=&#8220;gcid-63426afa-b94d-441e-8711-a2b4d463ba6d&#8220; header_6_letter_spacing=&#8220;2px&#8220; custom_margin=&#8220;50px||||false|false&#8220; global_colors_info=&#8220;{%22gcid-63426afa-b94d-441e-8711-a2b4d463ba6d%22:%91%22header_6_text_color%22%93}&#8220;]<h6>SOZIALE NETZWERKE<\/h6>[\/et_pb_text][et_pb_social_media_follow _builder_version=&#8220;4.21.0&#8243; _module_preset=&#8220;default&#8220; global_colors_info=&#8220;{}&#8220;][et_pb_social_media_follow_network social_network=&#8220;facebook&#8220; _builder_version=&#8220;4.21.0&#8243; _module_preset=&#8220;default&#8220; background_color=&#8220;#3b5998&#8243; global_colors_info=&#8220;{}&#8220; follow_button=&#8220;off&#8220; url_new_window=&#8220;on&#8220;]facebook[\/et_pb_social_media_follow_network][et_pb_social_media_follow_network social_network=&#8220;instagram&#8220; _builder_version=&#8220;4.21.0&#8243; _module_preset=&#8220;default&#8220; background_color=&#8220;#ea2c59&#8243; global_colors_info=&#8220;{}&#8220; follow_button=&#8220;off&#8220; url_new_window=&#8220;on&#8220;]instagram[\/et_pb_social_media_follow_network][\/et_pb_social_media_follow][\/et_pb_column][et_pb_column type=&#8220;2_3&#8243; _builder_version=&#8220;4.21.0&#8243; _module_preset=&#8220;default&#8220; custom_padding_tablet=&#8220;&#8220; custom_padding_phone=&#8220;||||false|false&#8220; custom_padding_last_edited=&#8220;on|phone&#8220; global_colors_info=&#8220;{}&#8220; custom_css_main_element_last_edited=&#8220;on|phone&#8220;][dvppl_cf7_styler cf7=&#8220;3135&#8243; form_field_padding=&#8220;20px|20px|20px|20px|true|true&#8220; form_field_spacing=&#8220;10px&#8220; form_label_spacing=&#8220;0px&#8220; _builder_version=&#8220;4.22.1&#8243; _module_preset=&#8220;default&#8220; form_field_font_font=&#8220;||||||||&#8220; form_field_font_text_color=&#8220;#000000&#8243; form_field_font_font_size=&#8220;1em&#8220; form_field_font_letter_spacing=&#8220;0.5px&#8220; labels_font=&#8220;|||on|||||&#8220; labels_text_color=&#8220;gcid-63426afa-b94d-441e-8711-a2b4d463ba6d&#8220; labels_font_size=&#8220;0.7em&#8220; labels_letter_spacing=&#8220;0.5px&#8220; custom_submit_button=&#8220;on&#8220; submit_button_text_size=&#8220;14px&#8220; submit_button_text_color=&#8220;gcid-fcb6e445-e0cb-414e-8d29-e9d6169e6e5e&#8220; submit_button_bg_color=&#8220;gcid-63426afa-b94d-441e-8711-a2b4d463ba6d&#8220; submit_button_border_width=&#8220;1px&#8220; submit_button_border_color=&#8220;gcid-63426afa-b94d-441e-8711-a2b4d463ba6d&#8220; submit_button_border_radius=&#8220;3px&#8220; submit_button_letter_spacing=&#8220;5px&#8220; submit_button_font=&#8220;|700||on|||||&#8220; submit_button_custom_padding=&#8220;10px|20px|10px|20px|true|true&#8220; custom_margin_tablet=&#8220;&#8220; custom_margin_phone=&#8220;||||false|false&#8220; custom_margin_last_edited=&#8220;on|phone&#8220; custom_padding_tablet=&#8220;&#8220; custom_padding_phone=&#8220;||50px||false|false&#8220; custom_padding_last_edited=&#8220;on|phone&#8220; border_radii_field=&#8220;on|3px|3px|3px|3px&#8220; border_style_all_field=&#8220;none&#8220; border_color_bottom_field=&#8220;gcid-63426afa-b94d-441e-8711-a2b4d463ba6d&#8220; global_colors_info=&#8220;{%22gcid-63426afa-b94d-441e-8711-a2b4d463ba6d%22:%91%22border_color_bottom_field%22,%22labels_text_color%22,%22submit_button_border_color%22,%22submit_button_bg_color%22%93,%22gcid-fcb6e445-e0cb-414e-8d29-e9d6169e6e5e%22:%91%22submit_button_text_color%22%93}&#8220;][\/dvppl_cf7_styler][\/et_pb_column][\/et_pb_row][\/et_pb_section]<!-- \/wp:post-content -->","protected":false},"excerpt":{"rendered":"<p>Knirschschienen PROBLEM DES Z\u00c4HNEKIRNSCHENSDer Zahnverschlei\u00df ver\u00e4ndert allm\u00e4hlich den Biss, was sich auch im Erscheinungsbild des unteren Gesichtsdrittels widerspiegelt.Heutzutage leiden viele Menschen an parafunktionellen Bewegungen im Schlaf (z.B. Z\u00e4hnepressen, Z\u00e4hneknirschen). Dies kann zu einer ganzen Reihe von negativen Auswirkungen auf das stomatognathe System f\u00fchren. Dar\u00fcber hinaus, k\u00f6nnen bei Patienten nicht nur Kopfschmerzen sondern auch Schmerzen in [&hellip;]<\/p>\n","protected":false},"author":1,"featured_media":0,"parent":0,"menu_order":0,"comment_status":"closed","ping_status":"closed","template":"","meta":{"_et_pb_use_builder":"on","_et_pb_old_content":"","_et_gb_content_width":"","footnotes":""},"class_list":["post-3272","page","type-page","status-publish","hentry"],"_links":{"self":[{"href":"https:\/\/kasalovic-dent.hr\/de\/wp-json\/wp\/v2\/pages\/3272","targetHints":{"allow":["GET"]}}],"collection":[{"href":"https:\/\/kasalovic-dent.hr\/de\/wp-json\/wp\/v2\/pages"}],"about":[{"href":"https:\/\/kasalovic-dent.hr\/de\/wp-json\/wp\/v2\/types\/page"}],"author":[{"embeddable":true,"href":"https:\/\/kasalovic-dent.hr\/de\/wp-json\/wp\/v2\/users\/1"}],"replies":[{"embeddable":true,"href":"https:\/\/kasalovic-dent.hr\/de\/wp-json\/wp\/v2\/comments?post=3272"}],"version-history":[{"count":1,"href":"https:\/\/kasalovic-dent.hr\/de\/wp-json\/wp\/v2\/pages\/3272\/revisions"}],"predecessor-version":[{"id":4105,"href":"https:\/\/kasalovic-dent.hr\/de\/wp-json\/wp\/v2\/pages\/3272\/revisions\/4105"}],"wp:attachment":[{"href":"https:\/\/kasalovic-dent.hr\/de\/wp-json\/wp\/v2\/media?parent=3272"}],"curies":[{"name":"wp","href":"https:\/\/api.w.org\/{rel}","templated":true}]}}